{"id":925,"date":"2020-08-05T20:18:54","date_gmt":"2020-08-05T20:18:54","guid":{"rendered":"http:\/\/newsite.qualitygems.it\/?page_id=925"},"modified":"2026-03-11T17:22:28","modified_gmt":"2026-03-11T16:22:28","slug":"rubini","status":"publish","type":"page","link":"https:\/\/newsite.qualitygems.it\/index.php\/rubini\/","title":{"rendered":"Rubini"},"content":{"rendered":"<div id=\"pl-925\"  class=\"panel-layout\" ><div id=\"pg-925-0\"  class=\"panel-grid panel-has-style\" ><div class=\"panel-row-style panel-row-style-for-925-0\" ><div id=\"pgc-925-0-0\"  class=\"panel-grid-cell\" ><div id=\"panel-925-0-0-0\" class=\"so-panel widget widget_primrose-sow-hero-slider panel-first-child panel-last-child\" data-index=\"0\" ><div\n\t\t\t\n\t\t\tclass=\"so-widget-primrose-sow-hero-slider so-widget-primrose-sow-hero-slider-default-69ba6ae664f8-925\"\n\t\t\t\n\t\t>\t<div class=\"primrose-sow-hero-slider slick\" data-autoplay=\"2500\">\r\n\t\t\t\t\t<div class=\"primrose-sow-hero-slide primrose-sow-hero-slide-0\" style=\"background-color: ;\">\r\n\t\t\t\t<div class=\"primrose-sow-hero-slide-background primrose-sow-background-cover primrose-sow-parallax-background\">\r\n\t\t\t\t\t\r\n\t\t\t\t\t\t\t\t\t\t\t\t<img class=\"primrose-sow-hero-slide-background-image\" alt=\"\"\r\n\t\t\t\t\t\t\t\tsrc=\"https:\/\/newsite.qualitygems.it\/wp-content\/uploads\/2026\/03\/1.png\"\r\n\t\t\t\t\t\t\t\theight=\"1134\"\r\n\t\t\t\t\t\t\t\twidth=\"2267\"\r\n\t\t\t\t\t\t\t\tdata-stellar-ratio=\"0.5\">\r\n\t\t\t\t\t\t\r\n\t\t\t\t\t\r\n\t\t\t\t<\/div><!-- .primrose-sow-hero-slide-background -->\r\n\r\n\t\t\t\t<div class=\"primrose-sow-hero-slide-overlay\" style=\"background-color: rgba(0,0,0,0);\"><\/div>\r\n\r\n\t\t\t\t<div class=\"primrose-sow-hero-slide-content\">\r\n\t\t\t\t\t<div class=\"primrose-sow-hero-slide-content-inner\">\r\n\t\t\t\t\t\t\r\n\t\t\t\t\t\t<div\n\t\t\t\n\t\t\tclass=\"so-widget-primrose-sow-buttons so-widget-primrose-sow-buttons-default-cbcce578a98a\"\n\t\t\t\n\t\t>\t<div class=\"primrose-sow-buttons primrose-sow-alignment-center\">\r\n\t\t\t<\/div><!-- .primrose-sow-buttons -->\r\n<\/div>\t\t\t\t\t<\/div>\r\n\t\t\t\t<\/div><!-- .primrose-sow-hero-slide-content -->\r\n\t\t\t\t\r\n\t\t\t<\/div><!-- .primrose-sow-hero-slide -->\r\n\t\t\t<\/div><!-- .primrose-sow-hero-slider -->\r\n<\/div><\/div><\/div><\/div><\/div><div id=\"pg-925-1\"  class=\"panel-grid panel-has-style\" ><div class=\"panel-row-style panel-row-style-for-925-1\" ><div id=\"pgc-925-1-0\"  class=\"panel-grid-cell\" ><div id=\"panel-925-1-0-0\" class=\"so-panel widget widget_sow-image panel-first-child panel-last-child\" data-index=\"1\" ><div class=\"zoooom panel-widget-style panel-widget-style-for-925-1-0-0\" ><div\n\t\t\t\n\t\t\tclass=\"so-widget-sow-image so-widget-sow-image-default-dbf295114b96-925\"\n\t\t\t\n\t\t>\n<div class=\"sow-image-container\">\n\t\t<img loading=\"lazy\" decoding=\"async\" src=\"https:\/\/newsite.qualitygems.it\/wp-content\/uploads\/2025\/02\/Immagine-2025-01-23-172345.png\" width=\"835\" height=\"161\" srcset=\"https:\/\/newsite.qualitygems.it\/wp-content\/uploads\/2025\/02\/Immagine-2025-01-23-172345.png 835w, https:\/\/newsite.qualitygems.it\/wp-content\/uploads\/2025\/02\/Immagine-2025-01-23-172345-300x58.png 300w, https:\/\/newsite.qualitygems.it\/wp-content\/uploads\/2025\/02\/Immagine-2025-01-23-172345-768x148.png 768w, https:\/\/newsite.qualitygems.it\/wp-content\/uploads\/2025\/02\/Immagine-2025-01-23-172345-480x93.png 480w, https:\/\/newsite.qualitygems.it\/wp-content\/uploads\/2025\/02\/Immagine-2025-01-23-172345-600x116.png 600w\" sizes=\"(max-width: 835px) 100vw, 835px\" title=\"Immagine 2025-01-23 172345\" alt=\"\" \t\tclass=\"so-widget-image\"\/>\n\t<\/div>\n\n<\/div><\/div><\/div><\/div><div id=\"pgc-925-1-1\"  class=\"panel-grid-cell\" ><div id=\"panel-925-1-1-0\" class=\"so-panel widget widget_primrose-sow-heading panel-first-child\" data-index=\"2\" ><div\n\t\t\t\n\t\t\tclass=\"so-widget-primrose-sow-heading so-widget-primrose-sow-heading-default-d75171398898-925\"\n\t\t\t\n\t\t><h2 class=\"primrose-sow-heading primrose-sow-alignment-left\">CARATTERISTICHE<\/h2><\/div><\/div><div id=\"panel-925-1-1-1\" class=\"so-panel widget widget_sow-editor panel-last-child\" data-index=\"3\" ><div\n\t\t\t\n\t\t\tclass=\"so-widget-sow-editor so-widget-sow-editor-base\"\n\t\t\t\n\t\t>\n<div class=\"siteorigin-widget-tinymce textwidget\">\n\t<h4>LA PAROLA RUBINO DERIVA DAL LATINO \"RUBER\" E SIGNIFICA ROSSO.<\/h4>\n<h4>IL COLORE VARIA DAL ROSSO VIOLACEO AL ROSSO ARANCIATO. IL RUBINO, COME ANCHE GLI ZAFFIRI, APPARTIENE ALLA FAMIGLIA DEI CORINDONI E CONDIVIDONO<\/h4>\n<h4>LA STESSA STRUTTURA CRISTALLINA E COMPOSIZIONE CHIMICA. L'UNICA DIFFERENZA \u00c8 NELLA PRESENZA DI CROMO ALL'INTERNO CHE CONFERISCE IL CARATTERISTICO COLORE.<\/h4>\n<p><\/p>\n<p><\/p>\n<\/div>\n<\/div><\/div><\/div><\/div><\/div><div id=\"pg-925-2\"  class=\"panel-grid panel-has-style\" ><div class=\"panel-row-style panel-row-style-for-925-2\" ><div id=\"pgc-925-2-0\"  class=\"panel-grid-cell\" ><div id=\"panel-925-2-0-0\" class=\"so-panel widget widget_primrose-sow-heading panel-first-child\" data-index=\"4\" ><div\n\t\t\t\n\t\t\tclass=\"so-widget-primrose-sow-heading so-widget-primrose-sow-heading-default-d75171398898-925\"\n\t\t\t\n\t\t><h2 class=\"primrose-sow-heading primrose-sow-alignment-left\">GIACIMENTI E TRATTAMENTI<\/h2><\/div><\/div><div id=\"panel-925-2-0-1\" class=\"so-panel widget widget_sow-editor panel-last-child\" data-index=\"5\" ><div\n\t\t\t\n\t\t\tclass=\"so-widget-sow-editor so-widget-sow-editor-base\"\n\t\t\t\n\t\t>\n<div class=\"siteorigin-widget-tinymce textwidget\">\n\t<h4>I GIACIMENTI PI\u00d9 FAMOSI PER FORNIRE RUBINI DI QUALIT\u00c0 SONO QUELLI ASIATICI DEL MYANMAR, PI\u00d9 PRECISAMENTE, QUELLI DEL DISTRETTO DI MOGOK NOTO COME \"LA VALLE DEI RUBINI\".\u00a0 RECENTEMENTI I RUBINI AFRICANI, SOPRATUTTO QUELLI DEL MOZAMBICO, STANNO PRENDENDO SEMPRE PI\u00d9 PIEDE E PRESTIGIO NEL MERCATO. ALTRI GICIMENTI SONO PRESENTI IN KENYA, TANZANIA E MADAGASCAR.<\/h4>\n<h4>LE INCLUSIONI PRESENTI ALL'INTERNO DELLA PIETRA PERMETTONO AI GEMMOLOGI DI DETERMINARE LE ORIGINI DEL MATERIALE E DISTINGUERE TRA NATURALE, SINTETICO E GLI EVENTUALI TRATTAMENTI SUBITI DALLE GEMME.<\/h4>\n<h4>IL TRATTAMENTO PI\u00d9 COMUNE \u00c8 IL RISCALDAMENTO AD ALTE TEMPERATURE, MA \u00c8 FREQUENTE IMBATTERSI ANCHE IN RUBINI MAGGIORMENTE TRATTATI E RIEMPITI DI SOSTANZE ESTRANEE COME IL VETRO AL PIOMBO (GLASS-FILLED RUBY).<\/h4>\n<\/div>\n<\/div><\/div><\/div><div id=\"pgc-925-2-1\"  class=\"panel-grid-cell\" ><div id=\"panel-925-2-1-0\" class=\"so-panel widget widget_sow-image panel-first-child panel-last-child\" data-index=\"6\" ><div class=\"zoooom panel-widget-style panel-widget-style-for-925-2-1-0\" ><div\n\t\t\t\n\t\t\tclass=\"so-widget-sow-image so-widget-sow-image-default-dbf295114b96-925\"\n\t\t\t\n\t\t>\n<div class=\"sow-image-container\">\n\t\t<img loading=\"lazy\" decoding=\"async\" src=\"https:\/\/newsite.qualitygems.it\/wp-content\/uploads\/2025\/02\/Immagine-2025-01-23-172506-Copia-1.png\" width=\"434\" height=\"326\" srcset=\"https:\/\/newsite.qualitygems.it\/wp-content\/uploads\/2025\/02\/Immagine-2025-01-23-172506-Copia-1.png 434w, https:\/\/newsite.qualitygems.it\/wp-content\/uploads\/2025\/02\/Immagine-2025-01-23-172506-Copia-1-300x225.png 300w\" sizes=\"(max-width: 434px) 100vw, 434px\" title=\"Immagine 2025-01-23 172506 &#8211; Copia\" alt=\"\" \t\tclass=\"so-widget-image\"\/>\n\t<\/div>\n\n<\/div><\/div><\/div><\/div><\/div><\/div><div id=\"pg-925-3\"  class=\"panel-grid panel-has-style\" ><div class=\"panel-row-style panel-row-style-for-925-3\" ><div id=\"pgc-925-3-0\"  class=\"panel-grid-cell\" ><div id=\"panel-925-3-0-0\" class=\"so-panel widget widget_sow-image panel-first-child panel-last-child\" data-index=\"7\" ><div class=\"zoooom panel-widget-style panel-widget-style-for-925-3-0-0\" ><div\n\t\t\t\n\t\t\tclass=\"so-widget-sow-image so-widget-sow-image-default-dbf295114b96-925\"\n\t\t\t\n\t\t>\n<div class=\"sow-image-container\">\n\t\t<img loading=\"lazy\" decoding=\"async\" src=\"https:\/\/newsite.qualitygems.it\/wp-content\/uploads\/2020\/10\/Immagine-30-10-20-alle-15.12-1-e1740050802429.jpg\" width=\"514\" height=\"98\" srcset=\"https:\/\/newsite.qualitygems.it\/wp-content\/uploads\/2020\/10\/Immagine-30-10-20-alle-15.12-1-e1740050802429.jpg 514w, https:\/\/newsite.qualitygems.it\/wp-content\/uploads\/2020\/10\/Immagine-30-10-20-alle-15.12-1-e1740050802429-300x57.jpg 300w, https:\/\/newsite.qualitygems.it\/wp-content\/uploads\/2020\/10\/Immagine-30-10-20-alle-15.12-1-e1740050802429-480x92.jpg 480w\" sizes=\"(max-width: 514px) 100vw, 514px\" title=\"Ruby degrad\u00e8\" alt=\"\" \t\tclass=\"so-widget-image\"\/>\n\t<\/div>\n\n<\/div><\/div><\/div><\/div><div id=\"pgc-925-3-1\"  class=\"panel-grid-cell\" ><div id=\"panel-925-3-1-0\" class=\"so-panel widget widget_primrose-sow-heading panel-first-child\" data-index=\"8\" ><div\n\t\t\t\n\t\t\tclass=\"so-widget-primrose-sow-heading so-widget-primrose-sow-heading-default-d75171398898-925\"\n\t\t\t\n\t\t><h2 class=\"primrose-sow-heading primrose-sow-alignment-left\">LE NOSTRE PIETRE<\/h2><\/div><\/div><div id=\"panel-925-3-1-1\" class=\"so-panel widget widget_sow-editor\" data-index=\"9\" ><div\n\t\t\t\n\t\t\tclass=\"so-widget-sow-editor so-widget-sow-editor-base\"\n\t\t\t\n\t\t>\n<div class=\"siteorigin-widget-tinymce textwidget\">\n\t<h4>OFFRIAMO UN AMPIO VENTAGLIO DI QUALIT\u00c0, FORME E MISURE DOVE POTETE TROVARE IL MATERIALE PI\u00d9 ADATTO ALLE VOSTRE ESIGENZE.<\/h4>\n<p><\/p>\n<p><\/p>\n<\/div>\n<\/div><\/div><div id=\"panel-925-3-1-2\" class=\"so-panel widget widget_sow-image panel-last-child\" data-index=\"10\" ><div class=\"zoooom panel-widget-style panel-widget-style-for-925-3-1-2\" ><div\n\t\t\t\n\t\t\tclass=\"so-widget-sow-image so-widget-sow-image-default-dbf295114b96-925\"\n\t\t\t\n\t\t>\n<div class=\"sow-image-container\">\n\t\t<img loading=\"lazy\" decoding=\"async\" src=\"https:\/\/newsite.qualitygems.it\/wp-content\/uploads\/2025\/02\/Immagine-2025-02-20-100449-1.png\" width=\"813\" height=\"180\" srcset=\"https:\/\/newsite.qualitygems.it\/wp-content\/uploads\/2025\/02\/Immagine-2025-02-20-100449-1.png 813w, https:\/\/newsite.qualitygems.it\/wp-content\/uploads\/2025\/02\/Immagine-2025-02-20-100449-1-300x66.png 300w, https:\/\/newsite.qualitygems.it\/wp-content\/uploads\/2025\/02\/Immagine-2025-02-20-100449-1-768x170.png 768w, https:\/\/newsite.qualitygems.it\/wp-content\/uploads\/2025\/02\/Immagine-2025-02-20-100449-1-480x106.png 480w, https:\/\/newsite.qualitygems.it\/wp-content\/uploads\/2025\/02\/Immagine-2025-02-20-100449-1-600x133.png 600w\" sizes=\"(max-width: 813px) 100vw, 813px\" title=\"Immagine 2025-02-20 100449\" alt=\"\" \t\tclass=\"so-widget-image\"\/>\n\t<\/div>\n\n<\/div><\/div><\/div><\/div><\/div><\/div><\/div>","protected":false},"excerpt":{"rendered":"<p>LA PAROLA RUBINO DERIVA DAL LATINO &#8220;RUBER&#8221; E SIGNIFICA ROSSO. IL COLORE VARIA DAL ROSSO VIOLACEO AL ROSSO ARANCIATO. IL RUBINO, COME ANCHE GLI ZAFFIRI, APPARTIENE ALLA FAMIGLIA DEI CORINDONI E CONDIVIDONO LA STESSA STRUTTURA CRISTALLINA E COMPOSIZIONE CHIMICA. L&#8217;UNICA DIFFERENZA \u00c8 NELLA PRESENZA DI CROMO ALL&#8217;INTERNO CHE CONFERISCE IL CARATTERISTICO COLORE. &nbsp; &nbsp;<\/p>\n","protected":false},"author":1,"featured_media":0,"parent":0,"menu_order":0,"comment_status":"closed","ping_status":"closed","template":"page-templates\/full-width.php","meta":{"footnotes":""},"yoast_head":"<!-- This site is optimized with the Yoast SEO plugin v24.5 - https:\/\/yoast.com\/wordpress\/plugins\/seo\/ -->\n<title>Rubini - QualityGems<\/title>\n<meta name=\"robots\" content=\"index, follow, max-snippet:-1, max-image-preview:large, max-video-preview:-1\" \/>\n<link rel=\"canonical\" href=\"https:\/\/newsite.qualitygems.it\/index.php\/rubini\/\" \/>\n<meta property=\"og:locale\" content=\"it_IT\" \/>\n<meta property=\"og:type\" content=\"article\" \/>\n<meta property=\"og:title\" content=\"Rubini - QualityGems\" \/>\n<meta property=\"og:description\" content=\"LA PAROLA RUBINO DERIVA DAL LATINO &quot;RUBER&quot; E SIGNIFICA ROSSO. IL COLORE VARIA DAL ROSSO VIOLACEO AL ROSSO ARANCIATO. IL RUBINO, COME ANCHE GLI ZAFFIRI, APPARTIENE ALLA FAMIGLIA DEI CORINDONI E CONDIVIDONO LA STESSA STRUTTURA CRISTALLINA E COMPOSIZIONE CHIMICA. L&#039;UNICA DIFFERENZA \u00c8 NELLA PRESENZA DI CROMO ALL&#039;INTERNO CHE CONFERISCE IL CARATTERISTICO COLORE. &nbsp; &nbsp;\" \/>\n<meta property=\"og:url\" content=\"https:\/\/newsite.qualitygems.it\/index.php\/rubini\/\" \/>\n<meta property=\"og:site_name\" content=\"QualityGems\" \/>\n<meta property=\"article:modified_time\" content=\"2026-03-11T16:22:28+00:00\" \/>\n<meta name=\"twitter:card\" content=\"summary_large_image\" \/>\n<meta name=\"twitter:label1\" content=\"Tempo di lettura stimato\" \/>\n\t<meta name=\"twitter:data1\" content=\"3 minuti\" \/>\n<script type=\"application\/ld+json\" class=\"yoast-schema-graph\">{\"@context\":\"https:\/\/schema.org\",\"@graph\":[{\"@type\":\"WebPage\",\"@id\":\"https:\/\/newsite.qualitygems.it\/index.php\/rubini\/\",\"url\":\"https:\/\/newsite.qualitygems.it\/index.php\/rubini\/\",\"name\":\"Rubini - QualityGems\",\"isPartOf\":{\"@id\":\"https:\/\/newsite.qualitygems.it\/#website\"},\"datePublished\":\"2020-08-05T20:18:54+00:00\",\"dateModified\":\"2026-03-11T16:22:28+00:00\",\"breadcrumb\":{\"@id\":\"https:\/\/newsite.qualitygems.it\/index.php\/rubini\/#breadcrumb\"},\"inLanguage\":\"it-IT\",\"potentialAction\":[{\"@type\":\"ReadAction\",\"target\":[\"https:\/\/newsite.qualitygems.it\/index.php\/rubini\/\"]}]},{\"@type\":\"BreadcrumbList\",\"@id\":\"https:\/\/newsite.qualitygems.it\/index.php\/rubini\/#breadcrumb\",\"itemListElement\":[{\"@type\":\"ListItem\",\"position\":1,\"name\":\"Home\",\"item\":\"https:\/\/newsite.qualitygems.it\/\"},{\"@type\":\"ListItem\",\"position\":2,\"name\":\"Rubini\"}]},{\"@type\":\"WebSite\",\"@id\":\"https:\/\/newsite.qualitygems.it\/#website\",\"url\":\"https:\/\/newsite.qualitygems.it\/\",\"name\":\"QualityGems\",\"description\":\"\",\"potentialAction\":[{\"@type\":\"SearchAction\",\"target\":{\"@type\":\"EntryPoint\",\"urlTemplate\":\"https:\/\/newsite.qualitygems.it\/?s={search_term_string}\"},\"query-input\":{\"@type\":\"PropertyValueSpecification\",\"valueRequired\":true,\"valueName\":\"search_term_string\"}}],\"inLanguage\":\"it-IT\"}]}<\/script>\n<!-- \/ Yoast SEO plugin. -->","yoast_head_json":{"title":"Rubini - QualityGems","robots":{"index":"index","follow":"follow","max-snippet":"max-snippet:-1","max-image-preview":"max-image-preview:large","max-video-preview":"max-video-preview:-1"},"canonical":"https:\/\/newsite.qualitygems.it\/index.php\/rubini\/","og_locale":"it_IT","og_type":"article","og_title":"Rubini - QualityGems","og_description":"LA PAROLA RUBINO DERIVA DAL LATINO \"RUBER\" E SIGNIFICA ROSSO. IL COLORE VARIA DAL ROSSO VIOLACEO AL ROSSO ARANCIATO. IL RUBINO, COME ANCHE GLI ZAFFIRI, APPARTIENE ALLA FAMIGLIA DEI CORINDONI E CONDIVIDONO LA STESSA STRUTTURA CRISTALLINA E COMPOSIZIONE CHIMICA. L'UNICA DIFFERENZA \u00c8 NELLA PRESENZA DI CROMO ALL'INTERNO CHE CONFERISCE IL CARATTERISTICO COLORE. &nbsp; &nbsp;","og_url":"https:\/\/newsite.qualitygems.it\/index.php\/rubini\/","og_site_name":"QualityGems","article_modified_time":"2026-03-11T16:22:28+00:00","twitter_card":"summary_large_image","twitter_misc":{"Tempo di lettura stimato":"3 minuti"},"schema":{"@context":"https:\/\/schema.org","@graph":[{"@type":"WebPage","@id":"https:\/\/newsite.qualitygems.it\/index.php\/rubini\/","url":"https:\/\/newsite.qualitygems.it\/index.php\/rubini\/","name":"Rubini - QualityGems","isPartOf":{"@id":"https:\/\/newsite.qualitygems.it\/#website"},"datePublished":"2020-08-05T20:18:54+00:00","dateModified":"2026-03-11T16:22:28+00:00","breadcrumb":{"@id":"https:\/\/newsite.qualitygems.it\/index.php\/rubini\/#breadcrumb"},"inLanguage":"it-IT","potentialAction":[{"@type":"ReadAction","target":["https:\/\/newsite.qualitygems.it\/index.php\/rubini\/"]}]},{"@type":"BreadcrumbList","@id":"https:\/\/newsite.qualitygems.it\/index.php\/rubini\/#breadcrumb","itemListElement":[{"@type":"ListItem","position":1,"name":"Home","item":"https:\/\/newsite.qualitygems.it\/"},{"@type":"ListItem","position":2,"name":"Rubini"}]},{"@type":"WebSite","@id":"https:\/\/newsite.qualitygems.it\/#website","url":"https:\/\/newsite.qualitygems.it\/","name":"QualityGems","description":"","potentialAction":[{"@type":"SearchAction","target":{"@type":"EntryPoint","urlTemplate":"https:\/\/newsite.qualitygems.it\/?s={search_term_string}"},"query-input":{"@type":"PropertyValueSpecification","valueRequired":true,"valueName":"search_term_string"}}],"inLanguage":"it-IT"}]}},"_links":{"self":[{"href":"https:\/\/newsite.qualitygems.it\/index.php\/wp-json\/wp\/v2\/pages\/925"}],"collection":[{"href":"https:\/\/newsite.qualitygems.it\/index.php\/wp-json\/wp\/v2\/pages"}],"about":[{"href":"https:\/\/newsite.qualitygems.it\/index.php\/wp-json\/wp\/v2\/types\/page"}],"author":[{"embeddable":true,"href":"https:\/\/newsite.qualitygems.it\/index.php\/wp-json\/wp\/v2\/users\/1"}],"replies":[{"embeddable":true,"href":"https:\/\/newsite.qualitygems.it\/index.php\/wp-json\/wp\/v2\/comments?post=925"}],"version-history":[{"count":74,"href":"https:\/\/newsite.qualitygems.it\/index.php\/wp-json\/wp\/v2\/pages\/925\/revisions"}],"predecessor-version":[{"id":8116,"href":"https:\/\/newsite.qualitygems.it\/index.php\/wp-json\/wp\/v2\/pages\/925\/revisions\/8116"}],"wp:attachment":[{"href":"https:\/\/newsite.qualitygems.it\/index.php\/wp-json\/wp\/v2\/media?parent=925"}],"curies":[{"name":"wp","href":"https:\/\/api.w.org\/{rel}","templated":true}]}}