{"id":1280,"date":"2020-10-14T12:52:53","date_gmt":"2020-10-14T12:52:53","guid":{"rendered":"http:\/\/newsite.qualitygems.it\/?page_id=1280"},"modified":"2026-03-06T17:21:58","modified_gmt":"2026-03-06T16:21:58","slug":"pietre-certificate","status":"publish","type":"page","link":"https:\/\/newsite.qualitygems.it\/index.php\/pietre-certificate\/","title":{"rendered":"Pietre Certificate"},"content":{"rendered":"<div id=\"pl-1280\"  class=\"panel-layout\" ><div id=\"pg-1280-0\"  class=\"panel-grid panel-has-style\" ><div class=\"panel-row-style panel-row-style-for-1280-0\" ><div id=\"pgc-1280-0-0\"  class=\"panel-grid-cell\" ><div id=\"panel-1280-0-0-0\" class=\"so-panel widget widget_jp_dropdown_menu_widget JP_Dropdown_Menu_widget panel-first-child\" data-index=\"0\" ><label class=\"screen-reader-text\" for=\"select_jp_dropdown_menu_widget-1\"><\/label><select name=\"pd_jp_dropdown_menu_widget-1\" id=\"select_jp_dropdown_menu_widget-1\"><option class=\"pd_first\" value=\"#\">Pietre:<\/option><option value=\"https:\/\/newsite.qualitygems.it\/index.php\/zaffiro-ovale-grs-878-ct\/\" class=\"pd_tld\" >Zaffiro ovale GRS 8,78 Ct<\/option><option value=\"https:\/\/newsite.qualitygems.it\/index.php\/zaffiro-ovale-grs-776-ct\/\" class=\"pd_tld\" >Zaffiro ovale GRS 7,76 CT<\/option><option value=\"https:\/\/newsite.qualitygems.it\/index.php\/zaffiro-ovale-grs-757-ct\/\" class=\"pd_tld\" >Zaffiro ovale GRS 7,57 CT<\/option><option value=\"https:\/\/newsite.qualitygems.it\/index.php\/zaffiro-ovale-grs-749-ct\/\" class=\"pd_tld\" >Zaffiro ovale GRS 7,49 CT<\/option><option value=\"https:\/\/newsite.qualitygems.it\/index.php\/zaffiro-ovale-provera-628-ct\/\" class=\"pd_tld\" >Zaffiro ovale PROVERA 6,28 CT<\/option><option value=\"https:\/\/newsite.qualitygems.it\/index.php\/zaffiro-ovale-provera-522-ct\/\" class=\"pd_tld\" >Zaffiro ovale PROVERA 5,22 CT<\/option><option value=\"https:\/\/newsite.qualitygems.it\/index.php\/zaffiro-ovale-grs-506-ct\/\" class=\"pd_tld\" >Zaffiro ovale GRS 5,06 CT<\/option><option value=\"https:\/\/newsite.qualitygems.it\/index.php\/zaffiro-ovale-aigs-470-ct\/\" class=\"pd_tld\" >Zaffiro ovale AIGS 4,70 CT<\/option><option value=\"https:\/\/newsite.qualitygems.it\/index.php\/zaffiro-ovale-grs-424-ct\/\" class=\"pd_tld\" >Zaffiro ovale GRS 4,24 CT<\/option><option value=\"https:\/\/newsite.qualitygems.it\/index.php\/zaffiro-ovale-aigs-404-ct\/\" class=\"pd_tld\" >Zaffiro ovale AIGS 4,04 CT<\/option><option value=\"https:\/\/newsite.qualitygems.it\/index.php\/zaffiro-grs-303-ct\/\" class=\"pd_tld\" >Zaffiro ovale GRS 3,03 CT<\/option><option value=\"https:\/\/newsite.qualitygems.it\/index.php\/zaffiro-cuscino-grs-728-ct\/\" class=\"pd_tld\" >Zaffiro cuscino GRS 7,28 CT<\/option><option value=\"https:\/\/newsite.qualitygems.it\/index.php\/zaffiro-cuscino-grs-429-ct\/\" class=\"pd_tld\" >Zaffiro cuscino GRS 4,29 CT<\/option><option value=\"https:\/\/newsite.qualitygems.it\/index.php\/zaffiro-goccia-grs-646-ct\/\" class=\"pd_tld\" >Zaffiro goccia GRS 6,46 CT<\/option><option value=\"https:\/\/newsite.qualitygems.it\/index.php\/zaffiro-goccia-aigs-376-ct\/\" class=\"pd_tld\" >Zaffiro goccia AIGS 3,76 CT<\/option><option value=\"https:\/\/newsite.qualitygems.it\/index.php\/rubino-provera-502-ct\/\" class=\"pd_tld\" >Rubino ovale PROVERA 5,02 CT<\/option><option value=\"https:\/\/newsite.qualitygems.it\/index.php\/rubino-ovale-provera-425-ct\/\" class=\"pd_tld\" >Rubino ovale PROVERA 4,25 CT<\/option><option value=\"https:\/\/newsite.qualitygems.it\/index.php\/rubino-grs-302-ct-2\/\" class=\"pd_tld\" >Rubino ovale GRS 3,02 CT 2<\/option><option value=\"https:\/\/newsite.qualitygems.it\/index.php\/rubino-grs-302-ct\/\" class=\"pd_tld\" >Rubino ovale GRS 3,02 CT<\/option><option value=\"https:\/\/newsite.qualitygems.it\/index.php\/rubino-grs-245-ct\/\" class=\"pd_tld\" >Rubino ovale GRS 2,45 CT<\/option><option value=\"https:\/\/newsite.qualitygems.it\/index.php\/rubino-aigs-223-ct\/\" class=\"pd_tld\" >Rubino ovale AIGS 2,23 CT<\/option><option value=\"https:\/\/newsite.qualitygems.it\/index.php\/rubino-grs-216-ct\/\" class=\"pd_tld\" >Rubino ovale GRS 2,16 CT<\/option><option value=\"https:\/\/newsite.qualitygems.it\/index.php\/rubino-aigs-2-ct\/\" class=\"pd_tld\" >Rubino ovale GRS 2,01 CT<\/option><option value=\"https:\/\/newsite.qualitygems.it\/index.php\/rubino-grs-201\/\" class=\"pd_tld\" >Rubino ovale GRS 2,01 CT<\/option><option value=\"https:\/\/newsite.qualitygems.it\/index.php\/rubino-153-no-heat\/\" class=\"pd_tld\" >Rubino ovale AIGS 1,53 CT No heat<\/option><option value=\"https:\/\/newsite.qualitygems.it\/index.php\/rubino-grs-314-ct\/\" class=\"pd_tld\" >Rubino cuore GRS 3,14 CT<\/option><option value=\"https:\/\/newsite.qualitygems.it\/index.php\/rubino-cuore-provera-210-ct\/\" class=\"pd_tld\" >Rubino cuore GRS 2,01 CT<\/option><option value=\"https:\/\/newsite.qualitygems.it\/index.php\/top-cut\/\" class=\"pd_tld\" >Rubino cuore AIGS 2 Ct<\/option><\/select>                <script type=\"text\/javascript\">\n\t\t\t\t\/* <![CDATA[ *\/\n\t\t\t\t(function() {\n\t\t\t\t\tdocument.getElementById('select_jp_dropdown_menu_widget-1').onchange = function(e) {\n                        let destination = document.getElementById('select_jp_dropdown_menu_widget-1').value;\n                        if ( destination != \"#\" ) {\n                            if(\/iPhone\/i.test(navigator.userAgent)) {\n                                window.location = destination; \/\/ Always open in the same window for iOSd\n                            } else {    \n\t\t\t\t\t\t\t    window.location = destination;\n                            }\n\t\t\t\t\t\t}\n\t\t\t\t\t};\n\t\t\t\t})();\n\t\t\t\t\/* ]]> *\/\n\t\t\t\t<\/script><\/div><div id=\"panel-1280-0-0-1\" class=\"so-panel widget widget_primrose-sow-hero-slider panel-last-child\" data-index=\"1\" ><div\n\t\t\t\n\t\t\tclass=\"so-widget-primrose-sow-hero-slider so-widget-primrose-sow-hero-slider-default-b075762f83c8-1280\"\n\t\t\t\n\t\t>\t<div class=\"primrose-sow-hero-slider slick\" data-autoplay=\"2500\">\r\n\t\t\t\t\t<div class=\"primrose-sow-hero-slide primrose-sow-hero-slide-0\" style=\"background-color: ;\">\r\n\t\t\t\t<div class=\"primrose-sow-hero-slide-background primrose-sow-background-cover primrose-sow-parallax-background\">\r\n\t\t\t\t\t\r\n\t\t\t\t\t\t\t\t\t\t\t\t<img class=\"primrose-sow-hero-slide-background-image\" alt=\"\"\r\n\t\t\t\t\t\t\t\tsrc=\"https:\/\/newsite.qualitygems.it\/wp-content\/uploads\/2025\/01\/LOTTO-SMERALDI-2.png\"\r\n\t\t\t\t\t\t\t\theight=\"876\"\r\n\t\t\t\t\t\t\t\twidth=\"1984\"\r\n\t\t\t\t\t\t\t\tdata-stellar-ratio=\"0.5\">\r\n\t\t\t\t\t\t\r\n\t\t\t\t\t\r\n\t\t\t\t<\/div><!-- .primrose-sow-hero-slide-background -->\r\n\r\n\t\t\t\t<div class=\"primrose-sow-hero-slide-overlay\" style=\"background-color: rgba(0,0,0,0);\"><\/div>\r\n\r\n\t\t\t\t<div class=\"primrose-sow-hero-slide-content\">\r\n\t\t\t\t\t<div class=\"primrose-sow-hero-slide-content-inner\">\r\n\t\t\t\t\t\t\r\n\t\t\t\t\t\t<div\n\t\t\t\n\t\t\tclass=\"so-widget-primrose-sow-buttons so-widget-primrose-sow-buttons-default-cbcce578a98a\"\n\t\t\t\n\t\t>\t<div class=\"primrose-sow-buttons primrose-sow-alignment-center\">\r\n\t\t\t<\/div><!-- .primrose-sow-buttons -->\r\n<\/div>\t\t\t\t\t<\/div>\r\n\t\t\t\t<\/div><!-- .primrose-sow-hero-slide-content -->\r\n\t\t\t\t\r\n\t\t\t<\/div><!-- .primrose-sow-hero-slide -->\r\n\t\t\t\t\t<div class=\"primrose-sow-hero-slide primrose-sow-hero-slide-1\" style=\"background-color: ;\">\r\n\t\t\t\t<div class=\"primrose-sow-hero-slide-background primrose-sow-background-cover primrose-sow-parallax-background\">\r\n\t\t\t\t\t\r\n\t\t\t\t\t\t\t\t\t\t\t\t<img class=\"primrose-sow-hero-slide-background-image\" alt=\"\"\r\n\t\t\t\t\t\t\t\tsrc=\"https:\/\/newsite.qualitygems.it\/wp-content\/uploads\/2025\/01\/LOTTO-RUBINI.png\"\r\n\t\t\t\t\t\t\t\theight=\"891\"\r\n\t\t\t\t\t\t\t\twidth=\"2001\"\r\n\t\t\t\t\t\t\t\tdata-stellar-ratio=\"0.5\">\r\n\t\t\t\t\t\t\r\n\t\t\t\t\t\r\n\t\t\t\t<\/div><!-- .primrose-sow-hero-slide-background -->\r\n\r\n\t\t\t\t<div class=\"primrose-sow-hero-slide-overlay\" style=\"background-color: rgba(0,0,0,0);\"><\/div>\r\n\r\n\t\t\t\t<div class=\"primrose-sow-hero-slide-content\">\r\n\t\t\t\t\t<div class=\"primrose-sow-hero-slide-content-inner\">\r\n\t\t\t\t\t\t\r\n\t\t\t\t\t\t<div\n\t\t\t\n\t\t\tclass=\"so-widget-primrose-sow-buttons so-widget-primrose-sow-buttons-default-cbcce578a98a\"\n\t\t\t\n\t\t>\t<div class=\"primrose-sow-buttons primrose-sow-alignment-center\">\r\n\t\t\t<\/div><!-- .primrose-sow-buttons -->\r\n<\/div>\t\t\t\t\t<\/div>\r\n\t\t\t\t<\/div><!-- .primrose-sow-hero-slide-content -->\r\n\t\t\t\t\r\n\t\t\t<\/div><!-- .primrose-sow-hero-slide -->\r\n\t\t\t\t\t<div class=\"primrose-sow-hero-slide primrose-sow-hero-slide-2\" style=\"background-color: ;\">\r\n\t\t\t\t<div class=\"primrose-sow-hero-slide-background primrose-sow-background-cover primrose-sow-parallax-background\">\r\n\t\t\t\t\t\r\n\t\t\t\t\t\t\t\t\t\t\t\t<img class=\"primrose-sow-hero-slide-background-image\" alt=\"\"\r\n\t\t\t\t\t\t\t\tsrc=\"https:\/\/newsite.qualitygems.it\/wp-content\/uploads\/2025\/01\/LOTTO-ZAFFIRI-2.png\"\r\n\t\t\t\t\t\t\t\theight=\"840\"\r\n\t\t\t\t\t\t\t\twidth=\"1947\"\r\n\t\t\t\t\t\t\t\tdata-stellar-ratio=\"0.5\">\r\n\t\t\t\t\t\t\r\n\t\t\t\t\t\r\n\t\t\t\t<\/div><!-- .primrose-sow-hero-slide-background -->\r\n\r\n\t\t\t\t<div class=\"primrose-sow-hero-slide-overlay\" style=\"background-color: rgba(0,0,0,0);\"><\/div>\r\n\r\n\t\t\t\t<div class=\"primrose-sow-hero-slide-content\">\r\n\t\t\t\t\t<div class=\"primrose-sow-hero-slide-content-inner\">\r\n\t\t\t\t\t\t\r\n\t\t\t\t\t\t<div\n\t\t\t\n\t\t\tclass=\"so-widget-primrose-sow-buttons so-widget-primrose-sow-buttons-default-cbcce578a98a\"\n\t\t\t\n\t\t>\t<div class=\"primrose-sow-buttons primrose-sow-alignment-center\">\r\n\t\t\t<\/div><!-- .primrose-sow-buttons -->\r\n<\/div>\t\t\t\t\t<\/div>\r\n\t\t\t\t<\/div><!-- .primrose-sow-hero-slide-content -->\r\n\t\t\t\t\r\n\t\t\t<\/div><!-- .primrose-sow-hero-slide -->\r\n\t\t\t<\/div><!-- .primrose-sow-hero-slider -->\r\n<\/div><\/div><\/div><\/div><\/div><div id=\"pg-1280-1\"  class=\"panel-grid panel-has-style\" ><div class=\"panel-row-style panel-row-style-for-1280-1\" ><div id=\"pgc-1280-1-0\"  class=\"panel-grid-cell\" ><div id=\"panel-1280-1-0-0\" class=\"so-panel widget widget_sow-image panel-first-child\" data-index=\"2\" ><div\n\t\t\t\n\t\t\tclass=\"so-widget-sow-image so-widget-sow-image-default-dbf295114b96-1280\"\n\t\t\t\n\t\t>\n<div class=\"sow-image-container\">\n\t\t<img loading=\"lazy\" decoding=\"async\" src=\"https:\/\/newsite.qualitygems.it\/wp-content\/uploads\/2021\/12\/LOGO-GUBELIN.png\" width=\"320\" height=\"104\" srcset=\"https:\/\/newsite.qualitygems.it\/wp-content\/uploads\/2021\/12\/LOGO-GUBELIN.png 320w, https:\/\/newsite.qualitygems.it\/wp-content\/uploads\/2021\/12\/LOGO-GUBELIN-300x98.png 300w\" sizes=\"(max-width: 320px) 100vw, 320px\" title=\"LOGO GUBELIN\" alt=\"\" \t\tclass=\"so-widget-image\"\/>\n\t<\/div>\n\n<\/div><\/div><div id=\"panel-1280-1-0-1\" class=\"so-panel widget widget_sow-image\" data-index=\"3\" ><div\n\t\t\t\n\t\t\tclass=\"so-widget-sow-image so-widget-sow-image-default-dbf295114b96-1280\"\n\t\t\t\n\t\t>\n<div class=\"sow-image-container\">\n\t\t<img loading=\"lazy\" decoding=\"async\" src=\"https:\/\/newsite.qualitygems.it\/wp-content\/uploads\/2021\/12\/LOGO-GIA-300x101.png\" width=\"300\" height=\"101\" srcset=\"https:\/\/newsite.qualitygems.it\/wp-content\/uploads\/2021\/12\/LOGO-GIA-300x101.png 300w, https:\/\/newsite.qualitygems.it\/wp-content\/uploads\/2021\/12\/LOGO-GIA-480x161.png 480w, https:\/\/newsite.qualitygems.it\/wp-content\/uploads\/2021\/12\/LOGO-GIA-600x202.png 600w, https:\/\/newsite.qualitygems.it\/wp-content\/uploads\/2021\/12\/LOGO-GIA.png 696w\" sizes=\"(max-width: 300px) 100vw, 300px\" title=\"LOGO GIA\" alt=\"\" \t\tclass=\"so-widget-image\"\/>\n\t<\/div>\n\n<\/div><\/div><div id=\"panel-1280-1-0-2\" class=\"so-panel widget widget_sow-image\" data-index=\"4\" ><div\n\t\t\t\n\t\t\tclass=\"so-widget-sow-image so-widget-sow-image-default-dbf295114b96-1280\"\n\t\t\t\n\t\t>\n<div class=\"sow-image-container\">\n\t\t<img loading=\"lazy\" decoding=\"async\" src=\"https:\/\/newsite.qualitygems.it\/wp-content\/uploads\/2021\/12\/LOGO-GRS-300x66.png\" width=\"300\" height=\"66\" srcset=\"https:\/\/newsite.qualitygems.it\/wp-content\/uploads\/2021\/12\/LOGO-GRS-300x66.png 300w, https:\/\/newsite.qualitygems.it\/wp-content\/uploads\/2021\/12\/LOGO-GRS.png 479w\" sizes=\"(max-width: 300px) 100vw, 300px\" title=\"LOGO GRS\" alt=\"\" \t\tclass=\"so-widget-image\"\/>\n\t<\/div>\n\n<\/div><\/div><div id=\"panel-1280-1-0-3\" class=\"so-panel widget widget_sow-image panel-last-child\" data-index=\"5\" ><div\n\t\t\t\n\t\t\tclass=\"so-widget-sow-image so-widget-sow-image-default-dbf295114b96-1280\"\n\t\t\t\n\t\t>\n<div class=\"sow-image-container\">\n\t\t<img loading=\"lazy\" decoding=\"async\" src=\"https:\/\/newsite.qualitygems.it\/wp-content\/uploads\/2021\/12\/LOGO-IGI.png\" width=\"300\" height=\"157\" sizes=\"(max-width: 300px) 100vw, 300px\" title=\"LOGO IGI\" alt=\"\" \t\tclass=\"so-widget-image\"\/>\n\t<\/div>\n\n<\/div><\/div><\/div><div id=\"pgc-1280-1-1\"  class=\"panel-grid-cell\" ><div id=\"panel-1280-1-1-0\" class=\"so-panel widget widget_sow-editor panel-first-child panel-last-child\" data-index=\"6\" ><div\n\t\t\t\n\t\t\tclass=\"so-widget-sow-editor so-widget-sow-editor-base\"\n\t\t\t\n\t\t><h3 class=\"widget-title\">GLI ENTI CERTIFICATORI<\/h3>\n<div class=\"siteorigin-widget-tinymce textwidget\">\n\t<h4>DA ANNI CI AFFIDIAMO AD AZIENDE ESPERTE E RICONOSCIUTE A LIVELLO INTERNAZIONALE PER CERTIFICARE LE NOSTRE PIETRE.<\/h4>\n<h4>SSEF, G\u00dcBELIN, GIA E GRS SONO INFATTI TRA I PI\u00d9 AVVALORATI E RISPETTATI LABORATORI GEMMOLOGICI.<\/h4>\n<h4>SSEF \u00c8 TRA I PI\u00d9 AUTOREVOLI ENTI AL MONDO CON SEDE A BASILEA IN SVIZZERA.<\/h4>\n<h4>G\u00dcBELIN VENNE FONDATA NEL 1923 CON L'ESIGENZA DI CERTIFICARE I LORO STESSI GIOIELLI E AD OGGI \u00c8 UN VERO E PROPRIO PUNTO DI RIFERIMENTO PER LA CERTIFICAZIONE DI PIETRE DI COLORE E DIAMANTI.<\/h4>\n<h4>GIA, ACRONIMO DI GEMOLOGICAL INSTITUTE OF AMERICA, \u00c8 UN'ORGANIZZAZIONE NO PROFIT AMERICANA CHE OPERA NEL SETTORE DAL 1931. \u00c8 UNA VERA E PROPRIA AUTORIT\u00c0 NEL CAMPO DELLE GEMME OFFRENDO NON SOLO I LORO SERVIZI DI CERTIFICAZIONE MA ANCHE CORSI E PROGRAMMI DI FORMAZIONE.<\/h4>\n<h4>GRS, GEM RESEARCH SWISSLAB, VENNE FONDATA NEL 1996 DA A. PERETTI NEL TEMPO SI \u00c8 SPECIALIZZATA NELL'ANALISI DI GEMME RELATIVE A NUOVE RISORSE MINERARIE E NELLA DETERMINAZIONE DELLA PROVENIENZA.<\/h4>\n<\/div>\n<\/div><\/div><\/div><\/div><\/div><div id=\"pg-1280-2\"  class=\"panel-grid panel-no-style\" ><div id=\"pgc-1280-2-0\"  class=\"panel-grid-cell\" ><div id=\"panel-1280-2-0-0\" class=\"so-panel widget widget_sow-image panel-first-child panel-last-child\" data-index=\"7\" ><div class=\"zoooom panel-widget-style panel-widget-style-for-1280-2-0-0\" ><div\n\t\t\t\n\t\t\tclass=\"so-widget-sow-image so-widget-sow-image-default-dbf295114b96-1280\"\n\t\t\t\n\t\t>\n<div class=\"sow-image-container\">\n\t\t<img loading=\"lazy\" decoding=\"async\" src=\"https:\/\/newsite.qualitygems.it\/wp-content\/uploads\/2021\/01\/certificato-2.png\" width=\"761\" height=\"527\" srcset=\"https:\/\/newsite.qualitygems.it\/wp-content\/uploads\/2021\/01\/certificato-2.png 761w, https:\/\/newsite.qualitygems.it\/wp-content\/uploads\/2021\/01\/certificato-2-300x208.png 300w, https:\/\/newsite.qualitygems.it\/wp-content\/uploads\/2021\/01\/certificato-2-480x332.png 480w, https:\/\/newsite.qualitygems.it\/wp-content\/uploads\/2021\/01\/certificato-2-600x416.png 600w\" sizes=\"(max-width: 761px) 100vw, 761px\" title=\"certificato\" alt=\"\" \t\tclass=\"so-widget-image\"\/>\n\t<\/div>\n\n<\/div><\/div><\/div><\/div><div id=\"pgc-1280-2-1\"  class=\"panel-grid-cell\" ><div id=\"panel-1280-2-1-0\" class=\"so-panel widget widget_sow-editor panel-first-child panel-last-child\" data-index=\"8\" ><div\n\t\t\t\n\t\t\tclass=\"so-widget-sow-editor so-widget-sow-editor-base\"\n\t\t\t\n\t\t><h3 class=\"widget-title\">IL TAGLIO<\/h3>\n<div class=\"siteorigin-widget-tinymce textwidget\">\n\t<h4>LA BRILLANTEZZA DI UNA PIETRA \u00c8 DETERMINATA DALLA QUALIT\u00c0 DEL TAGLIO IL QUALE INFLUENZA LA QUANTIT\u00c0 DI LUCE CHE, ATTRAVERSANDO LA GEMMA, VIENE RIFLESSA VERSO L'OCCHIO DELL'OSSERVATORE.<\/h4>\n<h4>UNA PIETRA TROPPO SOTTILE SAR\u00c0 ATTRAVERSATA DALLA LUCE LA QUALE USCIR\u00c0 DALLA PIETRA RENDENDOLA SPENTA; D'ALTRA PARTE UNA ECCESSIVA PROFONDIT\u00c0 INTRAPPOLER\u00c0 LA LUCE AL SUO INTERNO RENDENDOLA CUPA.<\/h4>\n<h4>SI INTUISCE COME L'ACCURATEZZA DEL TAGLIO INFLUENZI IN MANIERA MARCATA IL VALORE COMMERCIALE DI UNA PIETRA E DA QUI L'ESIGENZA DI VALUTARLO OGGETTIVAMENTE TRAMITE UNA CERTIFICAZIONE.<\/h4>\n<\/div>\n<\/div><\/div><\/div><\/div><div id=\"pg-1280-3\"  class=\"panel-grid panel-no-style\" ><div id=\"pgc-1280-3-0\"  class=\"panel-grid-cell\" ><div id=\"panel-1280-3-0-0\" class=\"so-panel widget widget_sow-image panel-first-child panel-last-child\" data-index=\"9\" ><div\n\t\t\t\n\t\t\tclass=\"so-widget-sow-image so-widget-sow-image-default-dbf295114b96-1280\"\n\t\t\t\n\t\t>\n<div class=\"sow-image-container\">\n\t\t<img loading=\"lazy\" decoding=\"async\" src=\"https:\/\/newsite.qualitygems.it\/wp-content\/uploads\/2021\/01\/Schermata-2021-01-07-alle-16.39.27-768x1100.png\" width=\"768\" height=\"1100\" srcset=\"https:\/\/newsite.qualitygems.it\/wp-content\/uploads\/2021\/01\/Schermata-2021-01-07-alle-16.39.27-768x1100.png 768w, https:\/\/newsite.qualitygems.it\/wp-content\/uploads\/2021\/01\/Schermata-2021-01-07-alle-16.39.27-209x300.png 209w, https:\/\/newsite.qualitygems.it\/wp-content\/uploads\/2021\/01\/Schermata-2021-01-07-alle-16.39.27-715x1024.png 715w, https:\/\/newsite.qualitygems.it\/wp-content\/uploads\/2021\/01\/Schermata-2021-01-07-alle-16.39.27-480x688.png 480w, https:\/\/newsite.qualitygems.it\/wp-content\/uploads\/2021\/01\/Schermata-2021-01-07-alle-16.39.27-600x860.png 600w, https:\/\/newsite.qualitygems.it\/wp-content\/uploads\/2021\/01\/Schermata-2021-01-07-alle-16.39.27.png 892w\" sizes=\"(max-width: 768px) 100vw, 768px\" title=\"Schermata 2021-01-07 alle 16.39.27\" alt=\"\" \t\tclass=\"so-widget-image\"\/>\n\t<\/div>\n\n<\/div><\/div><\/div><div id=\"pgc-1280-3-1\"  class=\"panel-grid-cell\" ><div id=\"panel-1280-3-1-0\" class=\"so-panel widget widget_sow-editor panel-first-child panel-last-child\" data-index=\"10\" ><div\n\t\t\t\n\t\t\tclass=\"so-widget-sow-editor so-widget-sow-editor-base\"\n\t\t\t\n\t\t><h3 class=\"widget-title\">I NOSTRI CERTIFICATI<\/h3>\n<div class=\"siteorigin-widget-tinymce textwidget\">\n\t<h4>ABBIAMO DECISO DI CERTIFICARE TUTTE LE PIETRE PI\u00d9 PREGIATE IN MODO TALE DA GARANTIRE AI NOSTRI CLIENTI UN ACQUISTO SICURO.<\/h4>\n<h4>CI TROVEREMO DI FRONTE AD UN CERTIFICATO CHE CI DIR\u00c0 DUE COSE FONDAMENTALI:<\/h4>\n<ul>\n<li>\n<h4>LA PRESENZA\/ASSENZA DI TRATTAMENTI;<\/h4>\n<\/li>\n<li>\n<h4>LA PROVENIENZA DELLA PIETRA.<\/h4>\n<\/li>\n<\/ul>\n<h4>LA NOSTRA FILOSOFIA CI PORTA A COMMERCIARE SOLO PIETRE NATURALI CHE NON HANNO SUBITO TRATTAMENTI INVASIVI PER MIGLIORARNE LA BELLEZZA.<\/h4>\n<\/div>\n<\/div><\/div><\/div><\/div><\/div>","protected":false},"excerpt":{"rendered":"<p>DA ANNI CI AFFIDIAMO AD AZIENDE ESPERTE E RICONOSCIUTE A LIVELLO INTERNAZIONALE PER CERTIFICARE LE NOSTRE PIETRE. SSEF, G\u00dcBELIN, GIA E GRS SONO INFATTI TRA I PI\u00d9 AVVALORATI E RISPETTATI LABORATORI GEMMOLOGICI. SSEF \u00c8 TRA I PI\u00d9 AUTOREVOLI ENTI AL MONDO CON SEDE A BASILEA IN SVIZZERA. G\u00dcBELIN VENNE FONDATA NEL 1923 CON L&#8217;ESIGENZA DI [&hellip;]<\/p>\n","protected":false},"author":1,"featured_media":0,"parent":0,"menu_order":0,"comment_status":"closed","ping_status":"closed","template":"page-templates\/full-width.php","meta":{"footnotes":""},"yoast_head":"<!-- This site is optimized with the Yoast SEO plugin v24.5 - https:\/\/yoast.com\/wordpress\/plugins\/seo\/ -->\n<title>Pietre Certificate - QualityGems<\/title>\n<meta name=\"robots\" content=\"index, follow, max-snippet:-1, max-image-preview:large, max-video-preview:-1\" \/>\n<link rel=\"canonical\" href=\"https:\/\/newsite.qualitygems.it\/index.php\/pietre-certificate\/\" \/>\n<meta property=\"og:locale\" content=\"it_IT\" \/>\n<meta property=\"og:type\" content=\"article\" \/>\n<meta property=\"og:title\" content=\"Pietre Certificate - QualityGems\" \/>\n<meta property=\"og:description\" content=\"DA ANNI CI AFFIDIAMO AD AZIENDE ESPERTE E RICONOSCIUTE A LIVELLO INTERNAZIONALE PER CERTIFICARE LE NOSTRE PIETRE. SSEF, G\u00dcBELIN, GIA E GRS SONO INFATTI TRA I PI\u00d9 AVVALORATI E RISPETTATI LABORATORI GEMMOLOGICI. SSEF \u00c8 TRA I PI\u00d9 AUTOREVOLI ENTI AL MONDO CON SEDE A BASILEA IN SVIZZERA. G\u00dcBELIN VENNE FONDATA NEL 1923 CON L&#039;ESIGENZA DI [&hellip;]\" \/>\n<meta property=\"og:url\" content=\"https:\/\/newsite.qualitygems.it\/index.php\/pietre-certificate\/\" \/>\n<meta property=\"og:site_name\" content=\"QualityGems\" \/>\n<meta property=\"article:modified_time\" content=\"2026-03-06T16:21:58+00:00\" \/>\n<meta name=\"twitter:card\" content=\"summary_large_image\" \/>\n<meta name=\"twitter:label1\" content=\"Tempo di lettura stimato\" \/>\n\t<meta name=\"twitter:data1\" content=\"5 minuti\" \/>\n<script type=\"application\/ld+json\" class=\"yoast-schema-graph\">{\"@context\":\"https:\/\/schema.org\",\"@graph\":[{\"@type\":\"WebPage\",\"@id\":\"https:\/\/newsite.qualitygems.it\/index.php\/pietre-certificate\/\",\"url\":\"https:\/\/newsite.qualitygems.it\/index.php\/pietre-certificate\/\",\"name\":\"Pietre Certificate - QualityGems\",\"isPartOf\":{\"@id\":\"https:\/\/newsite.qualitygems.it\/#website\"},\"datePublished\":\"2020-10-14T12:52:53+00:00\",\"dateModified\":\"2026-03-06T16:21:58+00:00\",\"breadcrumb\":{\"@id\":\"https:\/\/newsite.qualitygems.it\/index.php\/pietre-certificate\/#breadcrumb\"},\"inLanguage\":\"it-IT\",\"potentialAction\":[{\"@type\":\"ReadAction\",\"target\":[\"https:\/\/newsite.qualitygems.it\/index.php\/pietre-certificate\/\"]}]},{\"@type\":\"BreadcrumbList\",\"@id\":\"https:\/\/newsite.qualitygems.it\/index.php\/pietre-certificate\/#breadcrumb\",\"itemListElement\":[{\"@type\":\"ListItem\",\"position\":1,\"name\":\"Home\",\"item\":\"https:\/\/newsite.qualitygems.it\/\"},{\"@type\":\"ListItem\",\"position\":2,\"name\":\"Pietre Certificate\"}]},{\"@type\":\"WebSite\",\"@id\":\"https:\/\/newsite.qualitygems.it\/#website\",\"url\":\"https:\/\/newsite.qualitygems.it\/\",\"name\":\"QualityGems\",\"description\":\"\",\"potentialAction\":[{\"@type\":\"SearchAction\",\"target\":{\"@type\":\"EntryPoint\",\"urlTemplate\":\"https:\/\/newsite.qualitygems.it\/?s={search_term_string}\"},\"query-input\":{\"@type\":\"PropertyValueSpecification\",\"valueRequired\":true,\"valueName\":\"search_term_string\"}}],\"inLanguage\":\"it-IT\"}]}<\/script>\n<!-- \/ Yoast SEO plugin. -->","yoast_head_json":{"title":"Pietre Certificate - QualityGems","robots":{"index":"index","follow":"follow","max-snippet":"max-snippet:-1","max-image-preview":"max-image-preview:large","max-video-preview":"max-video-preview:-1"},"canonical":"https:\/\/newsite.qualitygems.it\/index.php\/pietre-certificate\/","og_locale":"it_IT","og_type":"article","og_title":"Pietre Certificate - QualityGems","og_description":"DA ANNI CI AFFIDIAMO AD AZIENDE ESPERTE E RICONOSCIUTE A LIVELLO INTERNAZIONALE PER CERTIFICARE LE NOSTRE PIETRE. SSEF, G\u00dcBELIN, GIA E GRS SONO INFATTI TRA I PI\u00d9 AVVALORATI E RISPETTATI LABORATORI GEMMOLOGICI. SSEF \u00c8 TRA I PI\u00d9 AUTOREVOLI ENTI AL MONDO CON SEDE A BASILEA IN SVIZZERA. G\u00dcBELIN VENNE FONDATA NEL 1923 CON L'ESIGENZA DI [&hellip;]","og_url":"https:\/\/newsite.qualitygems.it\/index.php\/pietre-certificate\/","og_site_name":"QualityGems","article_modified_time":"2026-03-06T16:21:58+00:00","twitter_card":"summary_large_image","twitter_misc":{"Tempo di lettura stimato":"5 minuti"},"schema":{"@context":"https:\/\/schema.org","@graph":[{"@type":"WebPage","@id":"https:\/\/newsite.qualitygems.it\/index.php\/pietre-certificate\/","url":"https:\/\/newsite.qualitygems.it\/index.php\/pietre-certificate\/","name":"Pietre Certificate - QualityGems","isPartOf":{"@id":"https:\/\/newsite.qualitygems.it\/#website"},"datePublished":"2020-10-14T12:52:53+00:00","dateModified":"2026-03-06T16:21:58+00:00","breadcrumb":{"@id":"https:\/\/newsite.qualitygems.it\/index.php\/pietre-certificate\/#breadcrumb"},"inLanguage":"it-IT","potentialAction":[{"@type":"ReadAction","target":["https:\/\/newsite.qualitygems.it\/index.php\/pietre-certificate\/"]}]},{"@type":"BreadcrumbList","@id":"https:\/\/newsite.qualitygems.it\/index.php\/pietre-certificate\/#breadcrumb","itemListElement":[{"@type":"ListItem","position":1,"name":"Home","item":"https:\/\/newsite.qualitygems.it\/"},{"@type":"ListItem","position":2,"name":"Pietre Certificate"}]},{"@type":"WebSite","@id":"https:\/\/newsite.qualitygems.it\/#website","url":"https:\/\/newsite.qualitygems.it\/","name":"QualityGems","description":"","potentialAction":[{"@type":"SearchAction","target":{"@type":"EntryPoint","urlTemplate":"https:\/\/newsite.qualitygems.it\/?s={search_term_string}"},"query-input":{"@type":"PropertyValueSpecification","valueRequired":true,"valueName":"search_term_string"}}],"inLanguage":"it-IT"}]}},"_links":{"self":[{"href":"https:\/\/newsite.qualitygems.it\/index.php\/wp-json\/wp\/v2\/pages\/1280"}],"collection":[{"href":"https:\/\/newsite.qualitygems.it\/index.php\/wp-json\/wp\/v2\/pages"}],"about":[{"href":"https:\/\/newsite.qualitygems.it\/index.php\/wp-json\/wp\/v2\/types\/page"}],"author":[{"embeddable":true,"href":"https:\/\/newsite.qualitygems.it\/index.php\/wp-json\/wp\/v2\/users\/1"}],"replies":[{"embeddable":true,"href":"https:\/\/newsite.qualitygems.it\/index.php\/wp-json\/wp\/v2\/comments?post=1280"}],"version-history":[{"count":58,"href":"https:\/\/newsite.qualitygems.it\/index.php\/wp-json\/wp\/v2\/pages\/1280\/revisions"}],"predecessor-version":[{"id":8114,"href":"https:\/\/newsite.qualitygems.it\/index.php\/wp-json\/wp\/v2\/pages\/1280\/revisions\/8114"}],"wp:attachment":[{"href":"https:\/\/newsite.qualitygems.it\/index.php\/wp-json\/wp\/v2\/media?parent=1280"}],"curies":[{"name":"wp","href":"https:\/\/api.w.org\/{rel}","templated":true}]}}