{"id":1043,"date":"2020-08-10T20:57:19","date_gmt":"2020-08-10T20:57:19","guid":{"rendered":"http:\/\/newsite.qualitygems.it\/?page_id=1043"},"modified":"2026-03-06T16:58:33","modified_gmt":"2026-03-06T15:58:33","slug":"smeraldi","status":"publish","type":"page","link":"https:\/\/newsite.qualitygems.it\/index.php\/smeraldi\/","title":{"rendered":"Smeraldi"},"content":{"rendered":"<div id=\"pl-1043\"  class=\"panel-layout\" ><div id=\"pg-1043-0\"  class=\"panel-grid panel-has-style\" ><div class=\"panel-row-style panel-row-style-for-1043-0\" ><div id=\"pgc-1043-0-0\"  class=\"panel-grid-cell\" ><div id=\"panel-1043-0-0-0\" class=\"so-panel widget widget_primrose-sow-hero-slider panel-first-child panel-last-child\" data-index=\"0\" ><div\n\t\t\t\n\t\t\tclass=\"so-widget-primrose-sow-hero-slider so-widget-primrose-sow-hero-slider-default-646ea0a601c7-1043\"\n\t\t\t\n\t\t>\t<div class=\"primrose-sow-hero-slider slick\" data-autoplay=\"2500\">\r\n\t\t\t\t\t<div class=\"primrose-sow-hero-slide primrose-sow-hero-slide-0\" style=\"background-color: ;\">\r\n\t\t\t\t<div class=\"primrose-sow-hero-slide-background primrose-sow-background-cover primrose-sow-parallax-background\">\r\n\t\t\t\t\t\r\n\t\t\t\t\t\t\t\t\t\t\t\t<img class=\"primrose-sow-hero-slide-background-image\" alt=\"\"\r\n\t\t\t\t\t\t\t\tsrc=\"https:\/\/newsite.qualitygems.it\/wp-content\/uploads\/2026\/03\/EMERALD1.png\"\r\n\t\t\t\t\t\t\t\theight=\"2270\"\r\n\t\t\t\t\t\t\t\twidth=\"4534\"\r\n\t\t\t\t\t\t\t\tdata-stellar-ratio=\"0.5\">\r\n\t\t\t\t\t\t\r\n\t\t\t\t\t\r\n\t\t\t\t<\/div><!-- .primrose-sow-hero-slide-background -->\r\n\r\n\t\t\t\t<div class=\"primrose-sow-hero-slide-overlay\" style=\"background-color: rgba(0,0,0,0);\"><\/div>\r\n\r\n\t\t\t\t<div class=\"primrose-sow-hero-slide-content\">\r\n\t\t\t\t\t<div class=\"primrose-sow-hero-slide-content-inner\">\r\n\t\t\t\t\t\t\r\n\t\t\t\t\t\t<div\n\t\t\t\n\t\t\tclass=\"so-widget-primrose-sow-buttons so-widget-primrose-sow-buttons-default-cbcce578a98a\"\n\t\t\t\n\t\t>\t<div class=\"primrose-sow-buttons primrose-sow-alignment-center\">\r\n\t\t\t<\/div><!-- .primrose-sow-buttons -->\r\n<\/div>\t\t\t\t\t<\/div>\r\n\t\t\t\t<\/div><!-- .primrose-sow-hero-slide-content -->\r\n\t\t\t\t\r\n\t\t\t<\/div><!-- .primrose-sow-hero-slide -->\r\n\t\t\t<\/div><!-- .primrose-sow-hero-slider -->\r\n<\/div><\/div><\/div><\/div><\/div><div id=\"pg-1043-1\"  class=\"panel-grid panel-has-style\" ><div class=\"panel-row-style panel-row-style-for-1043-1\" ><div id=\"pgc-1043-1-0\"  class=\"panel-grid-cell\" ><div id=\"panel-1043-1-0-0\" class=\"so-panel widget widget_sow-image panel-first-child panel-last-child\" data-index=\"1\" ><div\n\t\t\t\n\t\t\tclass=\"so-widget-sow-image so-widget-sow-image-default-dbf295114b96-1043\"\n\t\t\t\n\t\t>\n<div class=\"sow-image-container\">\n\t\t<img loading=\"lazy\" decoding=\"async\" src=\"https:\/\/newsite.qualitygems.it\/wp-content\/uploads\/2025\/02\/1Immagine-2025-01-23-172345.png\" width=\"835\" height=\"161\" srcset=\"https:\/\/newsite.qualitygems.it\/wp-content\/uploads\/2025\/02\/1Immagine-2025-01-23-172345.png 835w, https:\/\/newsite.qualitygems.it\/wp-content\/uploads\/2025\/02\/1Immagine-2025-01-23-172345-300x58.png 300w, https:\/\/newsite.qualitygems.it\/wp-content\/uploads\/2025\/02\/1Immagine-2025-01-23-172345-768x148.png 768w, https:\/\/newsite.qualitygems.it\/wp-content\/uploads\/2025\/02\/1Immagine-2025-01-23-172345-480x93.png 480w, https:\/\/newsite.qualitygems.it\/wp-content\/uploads\/2025\/02\/1Immagine-2025-01-23-172345-600x116.png 600w\" sizes=\"(max-width: 835px) 100vw, 835px\" title=\"1Immagine 2025-01-23 172345\" alt=\"\" \t\tclass=\"so-widget-image\"\/>\n\t<\/div>\n\n<\/div><\/div><\/div><div id=\"pgc-1043-1-1\"  class=\"panel-grid-cell\" ><div id=\"panel-1043-1-1-0\" class=\"so-panel widget widget_primrose-sow-heading panel-first-child\" data-index=\"2\" ><div\n\t\t\t\n\t\t\tclass=\"so-widget-primrose-sow-heading so-widget-primrose-sow-heading-default-d75171398898-1043\"\n\t\t\t\n\t\t><h2 class=\"primrose-sow-heading primrose-sow-alignment-left\">CARATTERISTICHE<\/h2><\/div><\/div><div id=\"panel-1043-1-1-1\" class=\"so-panel widget widget_sow-editor panel-last-child\" data-index=\"3\" ><div\n\t\t\t\n\t\t\tclass=\"so-widget-sow-editor so-widget-sow-editor-base\"\n\t\t\t\n\t\t>\n<div class=\"siteorigin-widget-tinymce textwidget\">\n\t<h4>IL NOME SMERALDO DERIVA DAL GRECO \"SMARAGDOS\" E SIGNIFICA GEMMA VERDE.<\/h4>\n<h4>LO SMERALDO APPARTIENE ALLA FAMIGLIA DI MINERALI CONOSCIUTI COME BERILLIO; NE ESISTONO SETTE VARIET\u00c0, TRA LE QUALI ACQUAMARINA E MORGANITE, MA QUELLA VERDE \u00c8 LA PI\u00d9 PREZIOSA DI TUTTE. IL COLORE DELLO SMERALDO, CHE VARIA DAL VERDE BLUASTRO FINO AL VERDE PI\u00d9 INTENSO, \u00c8 DETERMINATO DAI LIVELLI DI CROMO, VANADIO E FERRO CONTENUTI ALL'INTERNO DELLA PIETRA.<\/h4>\n<h4>DUREZZA (SCALA MOHS):\u00a0 DA 7.5 A 8<\/h4>\n<h4>RI (INDICE DI RIFRAZIONE):\u00a0 DA 1.577 A 1,583 BIRIFRANGENTE<\/h4>\n<h4>GRAVIT\u00c0 SPECIFICA:\u00a0 DA 2.67 A 2.84<\/h4>\n<\/div>\n<\/div><\/div><\/div><\/div><\/div><div id=\"pg-1043-2\"  class=\"panel-grid panel-has-style\" ><div class=\"panel-row-style panel-row-style-for-1043-2\" ><div id=\"pgc-1043-2-0\"  class=\"panel-grid-cell\" ><div id=\"panel-1043-2-0-0\" class=\"so-panel widget widget_primrose-sow-heading panel-first-child\" data-index=\"4\" ><div\n\t\t\t\n\t\t\tclass=\"so-widget-primrose-sow-heading so-widget-primrose-sow-heading-default-d75171398898-1043\"\n\t\t\t\n\t\t><h2 class=\"primrose-sow-heading primrose-sow-alignment-left\">GIACIMENTI E TRATTAMENTI<\/h2><\/div><\/div><div id=\"panel-1043-2-0-1\" class=\"so-panel widget widget_sow-editor panel-last-child\" data-index=\"5\" ><div\n\t\t\t\n\t\t\tclass=\"so-widget-sow-editor so-widget-sow-editor-base\"\n\t\t\t\n\t\t>\n<div class=\"siteorigin-widget-tinymce textwidget\">\n\t<h4>IL GIACIMENTO PI\u00d9 FAMOSO \u00c8 SICURAMENTE QUELLO COLOMBIANO, MA SMERALDI DI OTTIMA QUALIT\u00c0 SI POSSONO TROVARE ANCHE IN\u00a0 ZAMBIA, BRASILE, AFGHANISTAN E MADAGASCAR.<\/h4>\n<h4>LE INCLUSIONI PRESENTI ALL'INTERNO DELLA PIETRA PERMETTONO AI GEMMOLOGI DI DETERMINARE LE ORIGINI DEL MATERIALE E DISTINGUERE TRA NATURALE, SINTETICO E DI DETERMINARE I TRATTAMENTI SUBITI DALLE GEMME.<\/h4>\n<h4>IL TRATTAMENTO PI\u00d9 COMUNE \u00c8 IL RIEMPIMENTO DELLE FRATTURE PER MIGLIORARE LA QUALIT\u00c0:<\/h4>\n<h4>- USANDO OLIO DI CEDRO O RESINE INCOLORE PER MIGLIORARE LA PUREZZA;<\/h4>\n<h4>- UTILIZZANDO OLIO COLORATO PER MIGLIORARE PUREZZA E COLORE;<\/h4>\n<h4>- UTILIZZANDO RESINE SINTETICHE<\/h4>\n<\/div>\n<\/div><\/div><\/div><div id=\"pgc-1043-2-1\"  class=\"panel-grid-cell\" ><div id=\"panel-1043-2-1-0\" class=\"so-panel widget widget_sow-image panel-first-child panel-last-child\" data-index=\"6\" ><div\n\t\t\t\n\t\t\tclass=\"so-widget-sow-image so-widget-sow-image-default-dbf295114b96-1043\"\n\t\t\t\n\t\t>\n<div class=\"sow-image-container\">\n\t\t<img loading=\"lazy\" decoding=\"async\" src=\"https:\/\/newsite.qualitygems.it\/wp-content\/uploads\/2025\/02\/1Immagine-2025-01-23-083258-1.png\" width=\"812\" height=\"412\" srcset=\"https:\/\/newsite.qualitygems.it\/wp-content\/uploads\/2025\/02\/1Immagine-2025-01-23-083258-1.png 812w, https:\/\/newsite.qualitygems.it\/wp-content\/uploads\/2025\/02\/1Immagine-2025-01-23-083258-1-300x152.png 300w, https:\/\/newsite.qualitygems.it\/wp-content\/uploads\/2025\/02\/1Immagine-2025-01-23-083258-1-768x390.png 768w, https:\/\/newsite.qualitygems.it\/wp-content\/uploads\/2025\/02\/1Immagine-2025-01-23-083258-1-480x244.png 480w, https:\/\/newsite.qualitygems.it\/wp-content\/uploads\/2025\/02\/1Immagine-2025-01-23-083258-1-600x304.png 600w\" sizes=\"(max-width: 812px) 100vw, 812px\" title=\"EMERALD CLARITY\" alt=\"\" \t\tclass=\"so-widget-image\"\/>\n\t<\/div>\n\n<\/div><\/div><\/div><\/div><\/div><div id=\"pg-1043-3\"  class=\"panel-grid panel-has-style\" ><div class=\"panel-row-style panel-row-style-for-1043-3\" ><div id=\"pgc-1043-3-0\"  class=\"panel-grid-cell\" ><div id=\"panel-1043-3-0-0\" class=\"so-panel widget widget_sow-image panel-first-child panel-last-child\" data-index=\"7\" ><div\n\t\t\t\n\t\t\tclass=\"so-widget-sow-image so-widget-sow-image-default-a258e6bfa2d8-1043\"\n\t\t\t\n\t\t>\n<div class=\"sow-image-container\">\n\t\t<img loading=\"lazy\" decoding=\"async\" src=\"https:\/\/newsite.qualitygems.it\/wp-content\/uploads\/2025\/02\/Immagine-2025-02-20-104623-1.png\" width=\"673\" height=\"279\" sizes=\"(max-width: 673px) 100vw, 673px\" title=\"Emerald\" alt=\"\" \t\tclass=\"so-widget-image\"\/>\n\t<\/div>\n\n<\/div><\/div><\/div><div id=\"pgc-1043-3-1\"  class=\"panel-grid-cell\" ><div id=\"panel-1043-3-1-0\" class=\"so-panel widget widget_primrose-sow-heading panel-first-child\" data-index=\"8\" ><div\n\t\t\t\n\t\t\tclass=\"so-widget-primrose-sow-heading so-widget-primrose-sow-heading-default-d75171398898-1043\"\n\t\t\t\n\t\t><h2 class=\"primrose-sow-heading primrose-sow-alignment-left\">Le nostre pietre<\/h2><\/div><\/div><div id=\"panel-1043-3-1-1\" class=\"so-panel widget widget_sow-editor\" data-index=\"9\" ><div\n\t\t\t\n\t\t\tclass=\"so-widget-sow-editor so-widget-sow-editor-base\"\n\t\t\t\n\t\t>\n<div class=\"siteorigin-widget-tinymce textwidget\">\n\t<h4>OFFRIAMO UN AMPIO VENTAGLIO DI QUALIT\u00c0, FORME E MISURE DOVE POTETE TROVARE IL MATERIALE PI\u00d9 ADATTO ALLE VOSTRE ESIGENZE.<\/h4>\n<p><\/p>\n<\/div>\n<\/div><\/div><div id=\"panel-1043-3-1-2\" class=\"so-panel widget widget_sow-image panel-last-child\" data-index=\"10\" ><div\n\t\t\t\n\t\t\tclass=\"so-widget-sow-image so-widget-sow-image-default-a258e6bfa2d8-1043\"\n\t\t\t\n\t\t>\n<div class=\"sow-image-container\">\n\t\t<img loading=\"lazy\" decoding=\"async\" src=\"https:\/\/newsite.qualitygems.it\/wp-content\/uploads\/2025\/02\/Immagine-2025-02-19-110405-1.png\" width=\"705\" height=\"133\" srcset=\"https:\/\/newsite.qualitygems.it\/wp-content\/uploads\/2025\/02\/Immagine-2025-02-19-110405-1.png 705w, https:\/\/newsite.qualitygems.it\/wp-content\/uploads\/2025\/02\/Immagine-2025-02-19-110405-1-300x57.png 300w, https:\/\/newsite.qualitygems.it\/wp-content\/uploads\/2025\/02\/Immagine-2025-02-19-110405-1-480x91.png 480w, https:\/\/newsite.qualitygems.it\/wp-content\/uploads\/2025\/02\/Immagine-2025-02-19-110405-1-600x113.png 600w\" sizes=\"(max-width: 705px) 100vw, 705px\" title=\"Immagine 2025-02-19 110405\" alt=\"\" \t\tclass=\"so-widget-image\"\/>\n\t<\/div>\n\n<\/div><\/div><\/div><\/div><\/div><\/div>","protected":false},"excerpt":{"rendered":"<p>IL NOME SMERALDO DERIVA DAL GRECO &#8220;SMARAGDOS&#8221; E SIGNIFICA GEMMA VERDE. LO SMERALDO APPARTIENE ALLA FAMIGLIA DI MINERALI CONOSCIUTI COME BERILLIO; NE ESISTONO SETTE VARIET\u00c0, TRA LE QUALI ACQUAMARINA E MORGANITE, MA QUELLA VERDE \u00c8 LA PI\u00d9 PREZIOSA DI TUTTE. IL COLORE DELLO SMERALDO, CHE VARIA DAL VERDE BLUASTRO FINO AL VERDE PI\u00d9 INTENSO, \u00c8 [&hellip;]<\/p>\n","protected":false},"author":1,"featured_media":0,"parent":0,"menu_order":0,"comment_status":"closed","ping_status":"closed","template":"page-templates\/full-width.php","meta":{"footnotes":""},"yoast_head":"<!-- This site is optimized with the Yoast SEO plugin v24.5 - https:\/\/yoast.com\/wordpress\/plugins\/seo\/ -->\n<title>Smeraldi - QualityGems<\/title>\n<meta name=\"robots\" content=\"index, follow, max-snippet:-1, max-image-preview:large, max-video-preview:-1\" \/>\n<link rel=\"canonical\" href=\"https:\/\/newsite.qualitygems.it\/index.php\/smeraldi\/\" \/>\n<meta property=\"og:locale\" content=\"it_IT\" \/>\n<meta property=\"og:type\" content=\"article\" \/>\n<meta property=\"og:title\" content=\"Smeraldi - QualityGems\" \/>\n<meta property=\"og:description\" content=\"IL NOME SMERALDO DERIVA DAL GRECO &quot;SMARAGDOS&quot; E SIGNIFICA GEMMA VERDE. LO SMERALDO APPARTIENE ALLA FAMIGLIA DI MINERALI CONOSCIUTI COME BERILLIO; NE ESISTONO SETTE VARIET\u00c0, TRA LE QUALI ACQUAMARINA E MORGANITE, MA QUELLA VERDE \u00c8 LA PI\u00d9 PREZIOSA DI TUTTE. IL COLORE DELLO SMERALDO, CHE VARIA DAL VERDE BLUASTRO FINO AL VERDE PI\u00d9 INTENSO, \u00c8 [&hellip;]\" \/>\n<meta property=\"og:url\" content=\"https:\/\/newsite.qualitygems.it\/index.php\/smeraldi\/\" \/>\n<meta property=\"og:site_name\" content=\"QualityGems\" \/>\n<meta property=\"article:modified_time\" content=\"2026-03-06T15:58:33+00:00\" \/>\n<meta name=\"twitter:card\" content=\"summary_large_image\" \/>\n<meta name=\"twitter:label1\" content=\"Tempo di lettura stimato\" \/>\n\t<meta name=\"twitter:data1\" content=\"3 minuti\" \/>\n<script type=\"application\/ld+json\" class=\"yoast-schema-graph\">{\"@context\":\"https:\/\/schema.org\",\"@graph\":[{\"@type\":\"WebPage\",\"@id\":\"https:\/\/newsite.qualitygems.it\/index.php\/smeraldi\/\",\"url\":\"https:\/\/newsite.qualitygems.it\/index.php\/smeraldi\/\",\"name\":\"Smeraldi - QualityGems\",\"isPartOf\":{\"@id\":\"https:\/\/newsite.qualitygems.it\/#website\"},\"datePublished\":\"2020-08-10T20:57:19+00:00\",\"dateModified\":\"2026-03-06T15:58:33+00:00\",\"breadcrumb\":{\"@id\":\"https:\/\/newsite.qualitygems.it\/index.php\/smeraldi\/#breadcrumb\"},\"inLanguage\":\"it-IT\",\"potentialAction\":[{\"@type\":\"ReadAction\",\"target\":[\"https:\/\/newsite.qualitygems.it\/index.php\/smeraldi\/\"]}]},{\"@type\":\"BreadcrumbList\",\"@id\":\"https:\/\/newsite.qualitygems.it\/index.php\/smeraldi\/#breadcrumb\",\"itemListElement\":[{\"@type\":\"ListItem\",\"position\":1,\"name\":\"Home\",\"item\":\"https:\/\/newsite.qualitygems.it\/\"},{\"@type\":\"ListItem\",\"position\":2,\"name\":\"Smeraldi\"}]},{\"@type\":\"WebSite\",\"@id\":\"https:\/\/newsite.qualitygems.it\/#website\",\"url\":\"https:\/\/newsite.qualitygems.it\/\",\"name\":\"QualityGems\",\"description\":\"\",\"potentialAction\":[{\"@type\":\"SearchAction\",\"target\":{\"@type\":\"EntryPoint\",\"urlTemplate\":\"https:\/\/newsite.qualitygems.it\/?s={search_term_string}\"},\"query-input\":{\"@type\":\"PropertyValueSpecification\",\"valueRequired\":true,\"valueName\":\"search_term_string\"}}],\"inLanguage\":\"it-IT\"}]}<\/script>\n<!-- \/ Yoast SEO plugin. -->","yoast_head_json":{"title":"Smeraldi - QualityGems","robots":{"index":"index","follow":"follow","max-snippet":"max-snippet:-1","max-image-preview":"max-image-preview:large","max-video-preview":"max-video-preview:-1"},"canonical":"https:\/\/newsite.qualitygems.it\/index.php\/smeraldi\/","og_locale":"it_IT","og_type":"article","og_title":"Smeraldi - QualityGems","og_description":"IL NOME SMERALDO DERIVA DAL GRECO \"SMARAGDOS\" E SIGNIFICA GEMMA VERDE. LO SMERALDO APPARTIENE ALLA FAMIGLIA DI MINERALI CONOSCIUTI COME BERILLIO; NE ESISTONO SETTE VARIET\u00c0, TRA LE QUALI ACQUAMARINA E MORGANITE, MA QUELLA VERDE \u00c8 LA PI\u00d9 PREZIOSA DI TUTTE. IL COLORE DELLO SMERALDO, CHE VARIA DAL VERDE BLUASTRO FINO AL VERDE PI\u00d9 INTENSO, \u00c8 [&hellip;]","og_url":"https:\/\/newsite.qualitygems.it\/index.php\/smeraldi\/","og_site_name":"QualityGems","article_modified_time":"2026-03-06T15:58:33+00:00","twitter_card":"summary_large_image","twitter_misc":{"Tempo di lettura stimato":"3 minuti"},"schema":{"@context":"https:\/\/schema.org","@graph":[{"@type":"WebPage","@id":"https:\/\/newsite.qualitygems.it\/index.php\/smeraldi\/","url":"https:\/\/newsite.qualitygems.it\/index.php\/smeraldi\/","name":"Smeraldi - QualityGems","isPartOf":{"@id":"https:\/\/newsite.qualitygems.it\/#website"},"datePublished":"2020-08-10T20:57:19+00:00","dateModified":"2026-03-06T15:58:33+00:00","breadcrumb":{"@id":"https:\/\/newsite.qualitygems.it\/index.php\/smeraldi\/#breadcrumb"},"inLanguage":"it-IT","potentialAction":[{"@type":"ReadAction","target":["https:\/\/newsite.qualitygems.it\/index.php\/smeraldi\/"]}]},{"@type":"BreadcrumbList","@id":"https:\/\/newsite.qualitygems.it\/index.php\/smeraldi\/#breadcrumb","itemListElement":[{"@type":"ListItem","position":1,"name":"Home","item":"https:\/\/newsite.qualitygems.it\/"},{"@type":"ListItem","position":2,"name":"Smeraldi"}]},{"@type":"WebSite","@id":"https:\/\/newsite.qualitygems.it\/#website","url":"https:\/\/newsite.qualitygems.it\/","name":"QualityGems","description":"","potentialAction":[{"@type":"SearchAction","target":{"@type":"EntryPoint","urlTemplate":"https:\/\/newsite.qualitygems.it\/?s={search_term_string}"},"query-input":{"@type":"PropertyValueSpecification","valueRequired":true,"valueName":"search_term_string"}}],"inLanguage":"it-IT"}]}},"_links":{"self":[{"href":"https:\/\/newsite.qualitygems.it\/index.php\/wp-json\/wp\/v2\/pages\/1043"}],"collection":[{"href":"https:\/\/newsite.qualitygems.it\/index.php\/wp-json\/wp\/v2\/pages"}],"about":[{"href":"https:\/\/newsite.qualitygems.it\/index.php\/wp-json\/wp\/v2\/types\/page"}],"author":[{"embeddable":true,"href":"https:\/\/newsite.qualitygems.it\/index.php\/wp-json\/wp\/v2\/users\/1"}],"replies":[{"embeddable":true,"href":"https:\/\/newsite.qualitygems.it\/index.php\/wp-json\/wp\/v2\/comments?post=1043"}],"version-history":[{"count":52,"href":"https:\/\/newsite.qualitygems.it\/index.php\/wp-json\/wp\/v2\/pages\/1043\/revisions"}],"predecessor-version":[{"id":8109,"href":"https:\/\/newsite.qualitygems.it\/index.php\/wp-json\/wp\/v2\/pages\/1043\/revisions\/8109"}],"wp:attachment":[{"href":"https:\/\/newsite.qualitygems.it\/index.php\/wp-json\/wp\/v2\/media?parent=1043"}],"curies":[{"name":"wp","href":"https:\/\/api.w.org\/{rel}","templated":true}]}}